{"id":2953,"date":"2023-05-11T15:07:43","date_gmt":"2023-05-11T15:07:43","guid":{"rendered":"http:\/\/calxic.cat\/politica-cookies\/"},"modified":"2023-05-12T07:58:17","modified_gmt":"2023-05-12T07:58:17","slug":"politica-cookies","status":"publish","type":"page","link":"https:\/\/www.calxic.cat\/es\/politica-cookies\/","title":{"rendered":"Pol\u00edtica de cookies"},"content":{"rendered":"\t\t<div data-elementor-type=\"wp-post\" data-elementor-id=\"2953\" class=\"elementor elementor-2953 elementor-2949\" data-elementor-post-type=\"page\">\n\t\t\t\t\t\t<section class=\"elementor-section elementor-top-section elementor-element elementor-element-6229ba4 elementor-section-full_width elementor-section-height-min-height elementor-section-height-default elementor-section-items-middle\" data-id=\"6229ba4\" data-element_type=\"section\" data-settings=\"{&quot;background_background&quot;:&quot;classic&quot;}\">\n\t\t\t\t\t\t\t<div class=\"elementor-background-overlay\"><\/div>\n\t\t\t\t\t\t\t<div class=\"elementor-container elementor-column-gap-default\">\n\t\t\t\t\t<div class=\"elementor-column elementor-col-100 elementor-top-column elementor-element elementor-element-1f66876d\" data-id=\"1f66876d\" data-element_type=\"column\">\n\t\t\t<div class=\"elementor-widget-wrap elementor-element-populated\">\n\t\t\t\t\t\t<div class=\"elementor-element elementor-element-68d1557 elementor-widget elementor-widget-spacer\" data-id=\"68d1557\" data-element_type=\"widget\" data-widget_type=\"spacer.default\">\n\t\t\t\t<div class=\"elementor-widget-container\">\n\t\t\t<style>\/*! elementor - v3.20.0 - 13-03-2024 *\/\n.elementor-column .elementor-spacer-inner{height:var(--spacer-size)}.e-con{--container-widget-width:100%}.e-con-inner>.elementor-widget-spacer,.e-con>.elementor-widget-spacer{width:var(--container-widget-width,var(--spacer-size));--align-self:var(--container-widget-align-self,initial);--flex-shrink:0}.e-con-inner>.elementor-widget-spacer>.elementor-widget-container,.e-con>.elementor-widget-spacer>.elementor-widget-container{height:100%;width:100%}.e-con-inner>.elementor-widget-spacer>.elementor-widget-container>.elementor-spacer,.e-con>.elementor-widget-spacer>.elementor-widget-container>.elementor-spacer{height:100%}.e-con-inner>.elementor-widget-spacer>.elementor-widget-container>.elementor-spacer>.elementor-spacer-inner,.e-con>.elementor-widget-spacer>.elementor-widget-container>.elementor-spacer>.elementor-spacer-inner{height:var(--container-widget-height,var(--spacer-size))}.e-con-inner>.elementor-widget-spacer.elementor-widget-empty,.e-con>.elementor-widget-spacer.elementor-widget-empty{position:relative;min-height:22px;min-width:22px}.e-con-inner>.elementor-widget-spacer.elementor-widget-empty .elementor-widget-empty-icon,.e-con>.elementor-widget-spacer.elementor-widget-empty .elementor-widget-empty-icon{position:absolute;top:0;bottom:0;left:0;right:0;margin:auto;padding:0;width:22px;height:22px}<\/style>\t\t<div class=\"elementor-spacer\">\n\t\t\t<div class=\"elementor-spacer-inner\"><\/div>\n\t\t<\/div>\n\t\t\t\t<\/div>\n\t\t\t\t<\/div>\n\t\t\t\t<div class=\"elementor-element elementor-element-321bcc27 elementor-view-default elementor-position-top elementor-invisible elementor-widget elementor-widget-themo-header\" data-id=\"321bcc27\" data-element_type=\"widget\" data-settings=\"{&quot;_animation&quot;:&quot;fadeIn&quot;}\" data-widget_type=\"themo-header.default\">\n\t\t\t\t<div class=\"elementor-widget-container\">\n\t\t\t\t\t<div class=\"th-header-wrap\">\n        <div class=\"elementor-icon-box-wrapper \">\n                            <div class=\"elementor-icon-box-content\">\n                    <h1 class=\"elementor-icon-box-title\">\n                        POL\u00cdTICA DE COOKIES                    <\/h1>\n                                        <p class=\"elementor-icon-box-description\"><\/p>\n\n                                    <\/div>\n            <\/div>\n\n        <\/div>\n\n\t\t\t\t<\/div>\n\t\t\t\t<\/div>\n\t\t\t\t\t<\/div>\n\t\t<\/div>\n\t\t\t\t\t<\/div>\n\t\t<\/section>\n\t\t\t\t<section class=\"elementor-section elementor-top-section elementor-element elementor-element-4a85a317 elementor-section-boxed elementor-section-height-default elementor-section-height-default\" data-id=\"4a85a317\" data-element_type=\"section\" data-settings=\"{&quot;background_background&quot;:&quot;classic&quot;}\">\n\t\t\t\t\t\t<div class=\"elementor-container elementor-column-gap-default\">\n\t\t\t\t\t<div class=\"elementor-column elementor-col-100 elementor-top-column elementor-element elementor-element-60953f3\" data-id=\"60953f3\" data-element_type=\"column\">\n\t\t\t<div class=\"elementor-widget-wrap elementor-element-populated\">\n\t\t\t\t\t\t<div class=\"elementor-element elementor-element-32c440d6 elementor-widget elementor-widget-spacer\" data-id=\"32c440d6\" data-element_type=\"widget\" data-widget_type=\"spacer.default\">\n\t\t\t\t<div class=\"elementor-widget-container\">\n\t\t\t\t\t<div class=\"elementor-spacer\">\n\t\t\t<div class=\"elementor-spacer-inner\"><\/div>\n\t\t<\/div>\n\t\t\t\t<\/div>\n\t\t\t\t<\/div>\n\t\t\t\t<div class=\"elementor-element elementor-element-b86ad59 elementor-widget elementor-widget-text-editor\" data-id=\"b86ad59\" data-element_type=\"widget\" data-widget_type=\"text-editor.default\">\n\t\t\t\t<div class=\"elementor-widget-container\">\n\t\t\t<style>\/*! elementor - v3.20.0 - 13-03-2024 *\/\n.elementor-widget-text-editor.elementor-drop-cap-view-stacked .elementor-drop-cap{background-color:#69727d;color:#fff}.elementor-widget-text-editor.elementor-drop-cap-view-framed .elementor-drop-cap{color:#69727d;border:3px solid;background-color:transparent}.elementor-widget-text-editor:not(.elementor-drop-cap-view-default) .elementor-drop-cap{margin-top:8px}.elementor-widget-text-editor:not(.elementor-drop-cap-view-default) .elementor-drop-cap-letter{width:1em;height:1em}.elementor-widget-text-editor .elementor-drop-cap{float:left;text-align:center;line-height:1;font-size:50px}.elementor-widget-text-editor .elementor-drop-cap-letter{display:inline-block}<\/style>\t\t\t\t<div class=\"elementor-text-editor elementor-clearfix\"><h6><strong>\u00bfQu\u00e9 son las <em>cookies<\/em>?<\/strong><\/h6><p>Las <em>cookies<\/em> son peque\u00f1os archivos de datos que se reciben en el terminal desde el sitio Web visitado y se usan para registrar ciertas interacciones de la navegaci\u00f3n en un sitio Web almacenando datos que podr\u00e1n ser actualizados y recuperados. Estos archivos se almacenan en el ordenador del usuario y contiene datos an\u00f3nimos que no son perjudiciales para su equipo. Se utilizan para recordar las preferencias del usuario, como el idioma seleccionado, datos de acceso o personalizaci\u00f3n de la p\u00e1gina.<\/p><p>Las <em>cookies<\/em> tambi\u00e9n pueden ser utilizadas para registrar informaci\u00f3n an\u00f3nima acerca de c\u00f3mo un visitante utiliza un sitio. Por ejemplo, desde qu\u00e9 p\u00e1gina Web ha accedido, o si ha utilizado un \u00abbanner\u00bb publicitario para llegar.<\/p><h6><strong>\u00bfPor qu\u00e9 CALXIC.CAT utiliza <em>cookies<\/em>?<\/strong><\/h6><p>CALXIC.CAT utiliza <em>cookies<\/em> estrictamente necesarias y esenciales para que usted utilice nuestros sitios Web y le permitan moverse libremente, utilizar \u00e1reas seguras, opciones personalizadas, etc. Adem\u00e1s, utiliza <em>cookies<\/em> que recogen datos relativos al an\u00e1lisis de uso de la Web. \u00c9stas se utilizan para ayudar a mejorar el servicio al cliente, midiendo el uso y el rendimiento de la p\u00e1gina, para optimizarla y personalizarla.<\/p><p>Nuestros sitios tambi\u00e9n pueden tener enlaces de redes sociales (como Facebook o Twitter) . CALXIC.CAT no controla las <em>cookies<\/em> utilizadas por estas Web externas. Para m\u00e1s informaci\u00f3n sobre las <em>cookies<\/em> de las redes sociales u otras Webs ajenas, aconsejamos revisar sus propias pol\u00edticas de<em>cookies<\/em>.<\/p><h6><strong>\u00bfQu\u00e9 uso le damos a los diferentes tipos de <em>cookies<\/em>?<\/strong><\/h6><h6><strong>Seg\u00fan su finalidad:<\/strong><\/h6><table><colgroup> <col width=\"30%\" \/> <col width=\"70%\" \/><\/colgroup><tbody><tr><td><h6><strong>Cookies t\u00e9cnicas<\/strong><\/h6><\/td><td><p>Las <em>cookies<\/em> t\u00e9cnicas son aquellas imprescindibles y estrictamente necesarias para el correcto funcionamiento de un portal Web y la utilizaci\u00f3n de las diferentes opciones y servicios que ofrece.<\/p><p>Por ejemplo, las que sirven para el mantenimiento de la sesi\u00f3n, la gesti\u00f3n del tiempo de respuesta, rendimiento o validaci\u00f3n de opciones, utilizar elementos de seguridad, compartir contenido con redes sociales, etc.<\/p><hr \/><\/td><\/tr><tr><td><h6><strong>Cookies de personalizaci\u00f3n<\/strong><\/h6><\/td><td><p>Estas <em>cookies<\/em> permiten al usuario especificar o personalizar algunas caracter\u00edsticas de las opciones generales de la p\u00e1gina Web, Por ejemplo, definir el idioma, configuraci\u00f3n regional o tipo de navegador.<\/p><hr \/><\/td><\/tr><tr><td><h6><strong>Cookies anal\u00edticas<\/strong><\/h6><\/td><td><p>Las <em>cookies<\/em> anal\u00edticas son las utilizadas por nuestros portales Web, para elaborar perfiles de navegaci\u00f3n y poder conocer las preferencias de los usuarios del mismo con el fin de mejorar la oferta de productos y servicios.<\/p><p>Por ejemplo, mediante una <em>cookie<\/em> anal\u00edtica se controlar\u00edan las \u00e1reas geogr\u00e1ficas de mayor inter\u00e9s de un usuario, cu\u00e1l es el producto de m\u00e1s aceptaci\u00f3n, etc.<\/p><hr \/><\/td><\/tr><tr><td><h6><strong>Cookies publicitarias \/ de publicidad<\/strong><\/h6><\/td><td><p>Las <em>cookies<\/em> publicitarias permiten la gesti\u00f3n de los espacios publicitarios en base a criterios concretos. Por ejemplo la frecuencia de acceso, el contenido editado, etc.<\/p><p>Las <em>cookies<\/em> de publicidad permiten a trav\u00e9s de la gesti\u00f3n de la publicidad almacenar informaci\u00f3n del comportamiento a trav\u00e9s de la observaci\u00f3n de h\u00e1bitos, estudiando los accesos y formando un perfil de preferencias del usuario, para ofrecerle publicidad relacionada con los intereses de su perfil.<\/p><hr \/><\/td><\/tr><\/tbody><\/table><h6><strong>Seg\u00fan plazo:<\/strong><\/h6><table><colgroup> <col width=\"30%\" \/> <col width=\"70%\" \/><\/colgroup><tbody><tr><td><h6><strong>Cookies de sesi\u00f3n<\/strong><\/h6><\/td><td><p>Las <em>cookies<\/em> de sesi\u00f3n son aquellas que duran el tiempo que el usuario est\u00e1 navegando por la p\u00e1gina Web y se borran al t\u00e9rmino.<\/p><hr \/><\/td><\/tr><tr><td><h6><strong>Cookies persistentes<\/strong><\/h6><\/td><td><p>Estas <em>cookies<\/em> quedan almacenadas en el terminal del usuario, por un tiempo m\u00e1s largo, facilitando as\u00ed el control de las preferencias elegidas sin tener que repetir ciertos par\u00e1metros cada vez que se visite el sitio Web.<\/p><hr \/><\/td><\/tr><\/tbody><\/table><h4>\u00a0<\/h4><h6><strong>\u00bfY si no quiero tener estas <em>cookies<\/em> o no hago nada al respecto?<\/strong><\/h6><p>Para cumplir con la legislaci\u00f3n vigente, tenemos que pedir su permiso para gestionar <em>cookies<\/em>. Si decide no autorizar el tratamiento indic\u00e1ndonos su no conformidad, s\u00f3lo usar\u00edamos las <em>cookies<\/em>t\u00e9cnicas, puesto que son imprescindibles para la navegaci\u00f3n por nuestra Web. En este caso, no almacenar\u00edamos ninguna <em>cookie<\/em>. En el caso de seguir navegando por nuestro sitio Web sin denegar su autorizaci\u00f3n implica que acepta su uso.<\/p><p>Tenga en cuenta que si rechaza o borra las <em>cookies<\/em> de navegaci\u00f3n por la Web del Banco, no podremos mantener sus preferencias, algunas caracter\u00edsticas de las p\u00e1ginas no estar\u00e1n operativas, no podremos ofrecerle servicios personalizados y cada vez que vaya a navegar por nuestra Web tendremos que solicitarle de nuevo su autorizaci\u00f3n para el uso de <em>cookies<\/em>.<\/p><p>Si a\u00fan as\u00ed, decide modificar la configuraci\u00f3n de su acceso a la p\u00e1gina Web, debe saber que es posible eliminar las <em>cookies<\/em> o impedir que se registre esta informaci\u00f3n en su equipo en cualquier momento mediante la modificaci\u00f3n de los par\u00e1metros de configuraci\u00f3n de su navegador:<\/p><p><a href=\"http:\/\/windows.microsoft.com\/es-es\/windows-vista\/block-or-allow-cookies\" target=\"_blanc\">Configuraci\u00f3n de <em>cookies<\/em> de Internet Explorer<\/a><br \/><a href=\"http:\/\/support.mozilla.org\/es\/kb\/habilitar-y-deshabilitar-cookies-que-los-sitios-we\" target=\"_blanc\">Configuraci\u00f3n de <em>cookies<\/em> de Firefox<\/a><br \/><a href=\"http:\/\/support.google.com\/chrome\/bin\/answer.py?hl=es&amp;answer=95647\" target=\"_blanc\">Configuraci\u00f3n de <em>cookies<\/em> de Google Chrome<\/a><br \/><a href=\"http:\/\/support.apple.com\/kb\/HT1677?viewlocale=es_ES&amp;locale=es_ES\" target=\"_blanc\">Configuraci\u00f3n de <em>cookies<\/em> de Safari<\/a><\/p><p>Estos navegadores est\u00e1n sometidos a actualizaciones o modificaciones, por lo que no podemos garantizar que se ajusten completamente a la versi\u00f3n de su navegador. Tambi\u00e9n puede ser que utilice otro navegador no contemplado en estos enlaces como Konqueror, Arora, Flock, etc. Para evitar estos desajustes, puede acceder directamente desde las opciones de su navegador que se encuentra generalmente en el men\u00fa de Opciones, en la secci\u00f3n de \u00abPrivacidad\u00bb. (Por favor, consulte la ayuda de su navegador para m\u00e1s informaci\u00f3n.)<\/p><h4>\u00a0<\/h4><h6><strong>Los datos recogidos en las <em>cookies<\/em> \u00bfse usan en Webs distintas dCALXIC.CAT?<\/strong><\/h6><p>Alguna de nuestras <em>cookies<\/em> se utilizan para generar publicidad en redes de terceros o para realizar anal\u00edticas para las que usamos herramientas externas al CALXIC.CAT. Las <em>cookies<\/em> utilizadas son para uso exclusivo del banco y su grupo de empresas que en ning\u00fan caso comercializa con ellas.<\/p><p>En CALXIC.CAT trabajamos con proveedores de confianza que nos ayudan en la gesti\u00f3n y personalizaci\u00f3n de nuestras p\u00e1ginas web.<\/p><h6><strong>Entonces, \u00bfqu\u00e9 significa la informaci\u00f3n anterior?<\/strong><\/h6><p>Si acepta nuestras <em>cookies<\/em>, nos permite la mejora de las Webs de CALXIC.CAT para ofrecerle un acceso \u00f3ptimo y darle un servicio m\u00e1s eficaz y personalizado.<\/p><p>Adem\u00e1s, usted puede configurar su navegador para establecer que s\u00f3lo los sitios Web de confianza o las p\u00e1ginas por las que est\u00e1 navegando en este momento puedan gestionar <em>cookies<\/em> lo que le permite seleccionar sus preferencias.<\/p><p>Proporcionando esta pol\u00edtica, CALXIC.CAT demuestra el compromiso adquirido con la legislaci\u00f3n vigente sobre el uso de <em>cookies<\/em>, proporcion\u00e1ndole informaci\u00f3n para que usted pueda comprender qu\u00e9 tipo de <em>cookies<\/em> utilizamos y por qu\u00e9 lo hacemos. Con esto, pretendemos proporcionarle transparencia en cuanto a los datos tratados acerca de la navegaci\u00f3n realizada desde su equipo en nuestra Web.<\/p><p>Esta pol\u00edtica se revisa peri\u00f3dicamente para asegurar su vigencia, por lo que puede ser modificada. Le recomendamos que visite la p\u00e1gina con regularidad donde le informaremos de cualquier actualizaci\u00f3n al respecto.<\/p><h6>\u00bfD\u00f3nde puedo obtener m\u00e1s informaci\u00f3n?<\/h6><p>Si necesita obtener m\u00e1s informaci\u00f3n sobre la directiva de <em>cookies<\/em>, por favor consulte el <a href=\"http:\/\/www.boe.es\/boe\/dias\/2012\/03\/31\/pdfs\/BOE-A-2012-4442.pdf\" target=\"_blank\" rel=\"noopener\">Bolet\u00edn Oficial del Estado<\/a> publicado el pasado 31 de marzo de 2012 (para Espa\u00f1a) donde se trasponen las directivas en materia de comunicaciones electr\u00f3nicas. Tambi\u00e9n se puede consultar la directiva en <a href=\"http:\/\/www.ico.gov.uk\/\" target=\"_blank\" rel=\"noopener\">Information Commissioner Office<\/a> (en ingl\u00e9s).<\/p><p>Adicionalmente, puede acceder a unos v\u00eddeos did\u00e1cticos publicados por la Agencia Espa\u00f1ola de Protecci\u00f3n de Datos en los que se explica, paso a paso, c\u00f3mo configurar las opciones de privacidad de los navegadores, redes sociales y sistemas operativos m\u00f3viles m\u00e1s comunes, en <a href=\"http:\/\/www.youtube.com\/user\/desdelaAEPD\" target=\"_blank\" rel=\"noopener\">Videos AEPD<\/a>.<\/p><\/div>\t\t\t\t\t\t<\/div>\n\t\t\t\t<\/div>\n\t\t\t\t<div class=\"elementor-element elementor-element-58a2c24 elementor-widget elementor-widget-spacer\" data-id=\"58a2c24\" data-element_type=\"widget\" data-widget_type=\"spacer.default\">\n\t\t\t\t<div class=\"elementor-widget-container\">\n\t\t\t\t\t<div class=\"elementor-spacer\">\n\t\t\t<div class=\"elementor-spacer-inner\"><\/div>\n\t\t<\/div>\n\t\t\t\t<\/div>\n\t\t\t\t<\/div>\n\t\t\t\t\t<\/div>\n\t\t<\/div>\n\t\t\t\t\t<\/div>\n\t\t<\/section>\n\t\t\t\t<\/div>\n\t\t","protected":false},"excerpt":{"rendered":"<p>POL\u00cdTICA DE COOKIES \u00bfQu\u00e9 son las cookies? Las cookies son peque\u00f1os archivos de datos que se reciben en el terminal desde el sitio Web visitado y se usan para registrar ciertas interacciones de la navegaci\u00f3n en un sitio Web almacenando &hellip; <a href=\"https:\/\/www.calxic.cat\/es\/politica-cookies\/\">Read More<\/a><\/p>\n","protected":false},"author":1,"featured_media":0,"parent":0,"menu_order":13,"comment_status":"closed","ping_status":"closed","template":"","meta":{"footnotes":""},"_links":{"self":[{"href":"https:\/\/www.calxic.cat\/es\/wp-json\/wp\/v2\/pages\/2953"}],"collection":[{"href":"https:\/\/www.calxic.cat\/es\/wp-json\/wp\/v2\/pages"}],"about":[{"href":"https:\/\/www.calxic.cat\/es\/wp-json\/wp\/v2\/types\/page"}],"author":[{"embeddable":true,"href":"https:\/\/www.calxic.cat\/es\/wp-json\/wp\/v2\/users\/1"}],"replies":[{"embeddable":true,"href":"https:\/\/www.calxic.cat\/es\/wp-json\/wp\/v2\/comments?post=2953"}],"version-history":[{"count":27,"href":"https:\/\/www.calxic.cat\/es\/wp-json\/wp\/v2\/pages\/2953\/revisions"}],"predecessor-version":[{"id":3054,"href":"https:\/\/www.calxic.cat\/es\/wp-json\/wp\/v2\/pages\/2953\/revisions\/3054"}],"wp:attachment":[{"href":"https:\/\/www.calxic.cat\/es\/wp-json\/wp\/v2\/media?parent=2953"}],"curies":[{"name":"wp","href":"https:\/\/api.w.org\/{rel}","templated":true}]}}