{"id":2952,"date":"2023-05-11T15:07:43","date_gmt":"2023-05-11T15:07:43","guid":{"rendered":"http:\/\/calxic.cat\/politica-cookies\/"},"modified":"2023-05-12T07:31:23","modified_gmt":"2023-05-12T07:31:23","slug":"politica-cookies","status":"publish","type":"page","link":"https:\/\/www.calxic.cat\/fr\/politica-cookies\/","title":{"rendered":"Politique de cookies"},"content":{"rendered":"\t\t<div data-elementor-type=\"wp-post\" data-elementor-id=\"2952\" class=\"elementor elementor-2952 elementor-2949\" data-elementor-post-type=\"page\">\n\t\t\t\t\t\t<section class=\"elementor-section elementor-top-section elementor-element elementor-element-6229ba4 elementor-section-full_width elementor-section-height-min-height elementor-section-height-default elementor-section-items-middle\" data-id=\"6229ba4\" data-element_type=\"section\" data-settings=\"{&quot;background_background&quot;:&quot;classic&quot;}\">\n\t\t\t\t\t\t\t<div class=\"elementor-background-overlay\"><\/div>\n\t\t\t\t\t\t\t<div class=\"elementor-container elementor-column-gap-default\">\n\t\t\t\t\t<div class=\"elementor-column elementor-col-100 elementor-top-column elementor-element elementor-element-1f66876d\" data-id=\"1f66876d\" data-element_type=\"column\">\n\t\t\t<div class=\"elementor-widget-wrap elementor-element-populated\">\n\t\t\t\t\t\t<div class=\"elementor-element elementor-element-68d1557 elementor-widget elementor-widget-spacer\" data-id=\"68d1557\" data-element_type=\"widget\" data-widget_type=\"spacer.default\">\n\t\t\t\t<div class=\"elementor-widget-container\">\n\t\t\t<style>\/*! elementor - v3.20.0 - 13-03-2024 *\/\n.elementor-column .elementor-spacer-inner{height:var(--spacer-size)}.e-con{--container-widget-width:100%}.e-con-inner>.elementor-widget-spacer,.e-con>.elementor-widget-spacer{width:var(--container-widget-width,var(--spacer-size));--align-self:var(--container-widget-align-self,initial);--flex-shrink:0}.e-con-inner>.elementor-widget-spacer>.elementor-widget-container,.e-con>.elementor-widget-spacer>.elementor-widget-container{height:100%;width:100%}.e-con-inner>.elementor-widget-spacer>.elementor-widget-container>.elementor-spacer,.e-con>.elementor-widget-spacer>.elementor-widget-container>.elementor-spacer{height:100%}.e-con-inner>.elementor-widget-spacer>.elementor-widget-container>.elementor-spacer>.elementor-spacer-inner,.e-con>.elementor-widget-spacer>.elementor-widget-container>.elementor-spacer>.elementor-spacer-inner{height:var(--container-widget-height,var(--spacer-size))}.e-con-inner>.elementor-widget-spacer.elementor-widget-empty,.e-con>.elementor-widget-spacer.elementor-widget-empty{position:relative;min-height:22px;min-width:22px}.e-con-inner>.elementor-widget-spacer.elementor-widget-empty .elementor-widget-empty-icon,.e-con>.elementor-widget-spacer.elementor-widget-empty .elementor-widget-empty-icon{position:absolute;top:0;bottom:0;left:0;right:0;margin:auto;padding:0;width:22px;height:22px}<\/style>\t\t<div class=\"elementor-spacer\">\n\t\t\t<div class=\"elementor-spacer-inner\"><\/div>\n\t\t<\/div>\n\t\t\t\t<\/div>\n\t\t\t\t<\/div>\n\t\t\t\t<div class=\"elementor-element elementor-element-321bcc27 elementor-view-default elementor-position-top elementor-invisible elementor-widget elementor-widget-themo-header\" data-id=\"321bcc27\" data-element_type=\"widget\" data-settings=\"{&quot;_animation&quot;:&quot;fadeIn&quot;}\" data-widget_type=\"themo-header.default\">\n\t\t\t\t<div class=\"elementor-widget-container\">\n\t\t\t\t\t<div class=\"th-header-wrap\">\n        <div class=\"elementor-icon-box-wrapper \">\n                            <div class=\"elementor-icon-box-content\">\n                    <h1 class=\"elementor-icon-box-title\">\n                        POLITIQUE DE COOKIES                    <\/h1>\n                                        <p class=\"elementor-icon-box-description\"><\/p>\n\n                                    <\/div>\n            <\/div>\n\n        <\/div>\n\n\t\t\t\t<\/div>\n\t\t\t\t<\/div>\n\t\t\t\t\t<\/div>\n\t\t<\/div>\n\t\t\t\t\t<\/div>\n\t\t<\/section>\n\t\t\t\t<section class=\"elementor-section elementor-top-section elementor-element elementor-element-4a85a317 elementor-section-boxed elementor-section-height-default elementor-section-height-default\" data-id=\"4a85a317\" data-element_type=\"section\" data-settings=\"{&quot;background_background&quot;:&quot;classic&quot;}\">\n\t\t\t\t\t\t<div class=\"elementor-container elementor-column-gap-default\">\n\t\t\t\t\t<div class=\"elementor-column elementor-col-100 elementor-top-column elementor-element elementor-element-60953f3\" data-id=\"60953f3\" data-element_type=\"column\">\n\t\t\t<div class=\"elementor-widget-wrap elementor-element-populated\">\n\t\t\t\t\t\t<div class=\"elementor-element elementor-element-32c440d6 elementor-widget elementor-widget-spacer\" data-id=\"32c440d6\" data-element_type=\"widget\" data-widget_type=\"spacer.default\">\n\t\t\t\t<div class=\"elementor-widget-container\">\n\t\t\t\t\t<div class=\"elementor-spacer\">\n\t\t\t<div class=\"elementor-spacer-inner\"><\/div>\n\t\t<\/div>\n\t\t\t\t<\/div>\n\t\t\t\t<\/div>\n\t\t\t\t<div class=\"elementor-element elementor-element-b86ad59 elementor-widget elementor-widget-text-editor\" data-id=\"b86ad59\" data-element_type=\"widget\" data-widget_type=\"text-editor.default\">\n\t\t\t\t<div class=\"elementor-widget-container\">\n\t\t\t<style>\/*! elementor - v3.20.0 - 13-03-2024 *\/\n.elementor-widget-text-editor.elementor-drop-cap-view-stacked .elementor-drop-cap{background-color:#69727d;color:#fff}.elementor-widget-text-editor.elementor-drop-cap-view-framed .elementor-drop-cap{color:#69727d;border:3px solid;background-color:transparent}.elementor-widget-text-editor:not(.elementor-drop-cap-view-default) .elementor-drop-cap{margin-top:8px}.elementor-widget-text-editor:not(.elementor-drop-cap-view-default) .elementor-drop-cap-letter{width:1em;height:1em}.elementor-widget-text-editor .elementor-drop-cap{float:left;text-align:center;line-height:1;font-size:50px}.elementor-widget-text-editor .elementor-drop-cap-letter{display:inline-block}<\/style>\t\t\t\t<h6><strong>Que sont les cookies ?<\/strong><\/h6><p>Les cookies sont de petits fichiers de donn\u00e9es qui sont re\u00e7us sur le terminal \u00e0 partir du site Internet visit\u00e9 et servent \u00e0 enregistrer certaines interactions de navigation sur un site Internet en stockant des donn\u00e9es qui peuvent \u00eatre mises \u00e0 jour et r\u00e9cup\u00e9r\u00e9es. Ces fichiers sont stock\u00e9s sur l&rsquo;ordinateur de l&rsquo;utilisateur et contiennent des donn\u00e9es anonymes qui ne nuisent pas \u00e0 votre ordinateur. Ils sont utilis\u00e9s pour m\u00e9moriser les pr\u00e9f\u00e9rences de l&rsquo;utilisateur, telles que la langue s\u00e9lectionn\u00e9e, les donn\u00e9es d&rsquo;acc\u00e8s ou la personnalisation de la page.<\/p><p>Les cookies peuvent \u00e9galement \u00eatre utilis\u00e9s pour enregistrer des informations anonymes sur la fa\u00e7on dont un visiteur utilise un site. Par exemple, \u00e0 partir de quelle page Web vous y avez acc\u00e9d\u00e9, ou si vous avez utilis\u00e9 une \u00ab\u00a0banni\u00e8re\u00a0\u00bb publicitaire pour y acc\u00e9der.<\/p><p>Pourquoi CALXIC.CAT utilise des cookies ?<\/p><p>CALXIC.CAT utilise des cookies strictement n\u00e9cessaires et indispensables \u00e0 votre utilisation de nos sites internet et vous permettant de vous d\u00e9placer librement, d&rsquo;utiliser des espaces s\u00e9curis\u00e9s, des options personnalis\u00e9es, etc. En outre, il utilise des cookies qui collectent des donn\u00e9es li\u00e9es \u00e0 l&rsquo;analyse de l&rsquo;utilisation du Web. Ceux-ci sont utilis\u00e9s pour aider \u00e0 am\u00e9liorer le service client, en mesurant l&rsquo;utilisation et les performances de la page, pour l&rsquo;optimiser et la personnaliser.<\/p><p>Nos sites peuvent \u00e9galement avoir des liens vers des r\u00e9seaux sociaux (tels que Facebook ou Twitter). CALXIC.CAT ne contr\u00f4le pas les cookies utilis\u00e9s par ces sites externes. Pour plus d&rsquo;informations sur les cookies des r\u00e9seaux sociaux ou d&rsquo;autres sites Web tiers, nous vous conseillons de consulter leurs propres politiques en mati\u00e8re de cookies.<\/p><p>\u00a0<\/p><h6><strong>Comment utilisons-nous les diff\u00e9rents types de cookies ?<\/strong><\/h6><h6><br \/><strong>Selon le but :<\/strong><\/h6><p>\u00a0<\/p><table><colgroup> <col width=\"30%\" \/> <col width=\"70%\" \/><\/colgroup><tbody><tr><td><h6><strong>Cookies techniques<\/strong><\/h6><\/td><td><p>Les cookies techniques sont indispensables et strictement n\u00e9cessaires au bon fonctionnement d&rsquo;un portail web et \u00e0 l&rsquo;utilisation des diff\u00e9rentes options et services qu&rsquo;il propose.<\/p><p>Par exemple, ceux utilis\u00e9s pour maintenir la session, g\u00e9rer le temps de r\u00e9ponse, effectuer ou valider des options, utiliser des \u00e9l\u00e9ments de s\u00e9curit\u00e9, partager du contenu avec les r\u00e9seaux sociaux, etc.<\/p><br \/><hr \/><\/td><\/tr><tr><td><h6><strong>Cookies de personnalisation<\/strong><\/h6><\/td><td><p>Ces cookies permettent \u00e0 l&rsquo;utilisateur de sp\u00e9cifier ou de personnaliser certaines fonctionnalit\u00e9s des options g\u00e9n\u00e9rales de la page Web, par exemple, pour d\u00e9finir la langue, les param\u00e8tres r\u00e9gionaux ou le type de navigateur.<\/p><hr \/><\/td><\/tr><tr><td><h6><strong>Cookies analytiques<\/strong><\/h6><\/td><td><p>Les cookies analytiques sont ceux utilis\u00e9s par nos portails Web, pour cr\u00e9er des profils de navigation et pour pouvoir conna\u00eetre les pr\u00e9f\u00e9rences des m\u00eames utilisateurs afin d&rsquo;am\u00e9liorer l&rsquo;offre de produits et services.<\/p><p>Par exemple, au moyen d&rsquo;un cookie analytique, les zones g\u00e9ographiques qui int\u00e9ressent le plus un utilisateur seraient contr\u00f4l\u00e9es, quel est le produit le plus accept\u00e9, etc.<\/p><br \/><hr \/><\/td><\/tr><tr><td><h6><strong>Cookies publicitaires\/publicitaires<\/strong><\/h6><\/td><td><p>Les cookies publicitaires permettent la gestion des espaces publicitaires en fonction de crit\u00e8res pr\u00e9cis. Par exemple, la fr\u00e9quence d&rsquo;acc\u00e8s, le contenu \u00e9dit\u00e9, etc.<\/p><p>Les cookies publicitaires permettent, \u00e0 travers la gestion de la publicit\u00e9, de stocker des informations comportementales \u00e0 travers l&rsquo;observation des habitudes, l&rsquo;\u00e9tude des acc\u00e8s et la constitution d&rsquo;un profil des pr\u00e9f\u00e9rences de l&rsquo;utilisateur, de proposer des publicit\u00e9s li\u00e9es \u00e0 son profil d&rsquo;int\u00e9r\u00eats<\/p><br \/><hr \/><\/td><\/tr><\/tbody><\/table><h6><strong>Selon d\u00e9lai :<\/strong><\/h6><table><colgroup> <col width=\"30%\" \/> <col width=\"70%\" \/><\/colgroup><tbody><tr><td><h6><strong>Cookies de session<\/strong><\/h6><\/td><td>Les cookies de session sont ceux qui durent tant que l&rsquo;utilisateur navigue sur le site Web et sont supprim\u00e9s \u00e0 la fin.<br \/><hr \/><\/td><\/tr><tr><td><h6><strong>Cookies persistants<\/strong><\/h6><\/td><td><p>Ces cookies sont stock\u00e9s plus longtemps sur le terminal de l&rsquo;utilisateur, facilitant ainsi le contr\u00f4le des pr\u00e9f\u00e9rences choisies sans avoir \u00e0 r\u00e9p\u00e9ter certains param\u00e8tres \u00e0 chaque visite du site.<\/p><\/td><\/tr><\/tbody><\/table><p>\u00a0<\/p><p><strong>Que se passe-t-il si je ne veux pas avoir ces cookies ou ne rien faire\u00a0?<\/strong><\/p><p>Afin de respecter la l\u00e9gislation en vigueur, nous devons demander votre autorisation pour g\u00e9rer les cookies. Si vous d\u00e9cidiez de ne pas autoriser le traitement en indiquant votre non-conformit\u00e9, nous n&rsquo;utiliserions que des cookies techniques, car ils sont indispensables \u00e0 la navigation sur notre site. Dans ce cas, nous ne stockerions aucun cookie. Si vous continuez \u00e0 naviguer sur notre site Web sans refuser votre autorisation, cela signifie que vous acceptez son utilisation.<\/p><p>Veuillez noter que si vous refusez ou supprimez les cookies de navigation sur le site de la Banque, nous ne pourrons pas conserver vos pr\u00e9f\u00e9rences, certaines fonctionnalit\u00e9s des pages ne seront pas op\u00e9rationnelles, nous ne pourrons pas vous proposer des services personnalis\u00e9s et chaque fois que vous pour naviguer sur notre site, nous devrons \u00e0 nouveau vous demander votre autorisation pour l&rsquo;utilisation de cookies.<\/p><p>Si n\u00e9anmoins vous d\u00e9cidiez de modifier la configuration de votre acc\u00e8s au site, sachez qu&rsquo;il est possible de supprimer les cookies ou d&#8217;emp\u00eacher \u00e0 tout moment l&rsquo;enregistrement de ces informations sur votre ordinateur en modifiant les param\u00e8tres de configuration de votre navigateur :<\/p><p><strong><a href=\"https:\/\/support.microsoft.com\/es-es\/windows\/eliminar-y-administrar-cookies-168dab11-0753-043d-7c16-ede5947fc64d\">Param\u00e8tres des cookies d&rsquo;Internet Explorer<\/a><\/strong><br \/><strong><a href=\"https:\/\/support.mozilla.org\/es\/kb\/habilitar-y-deshabilitar-cookies-sitios-web-rastrear-preferencias?redirectslug=habilitar-y-deshabilitar-cookies-que-los-sitios-we&amp;redirectlocale=es\">Param\u00e8tres des cookies de Firefox<\/a><\/strong><br \/><strong><a href=\"https:\/\/support.google.com\/chrome\/answer\/95647?hl=es\">Param\u00e8tres des cookies de Google Chrome<\/a><\/strong><br \/><a href=\"https:\/\/support.apple.com\/es-es\/HT201265\"><strong>Param\u00e8tres des cookies Safari<\/strong><\/a><\/p><p><br \/>Ces navigateurs sont sujets \u00e0 des mises \u00e0 jour ou \u00e0 des modifications, nous ne pouvons donc pas garantir qu&rsquo;ils correspondent parfaitement \u00e0 la version de votre navigateur. Vous pouvez \u00e9galement utiliser un autre navigateur non couvert par ces liens tels que Konqueror, Arora, Flock, etc. Pour \u00e9viter ces d\u00e9calages, vous pouvez acc\u00e9der directement depuis les options de votre navigateur qui se trouve g\u00e9n\u00e9ralement dans le menu Options, dans la rubrique \u00ab Confidentialit\u00e9 \u00bb. (Veuillez consulter l&rsquo;aide de votre navigateur pour plus d&rsquo;informations.)<\/p><p>\u00a0<\/p><h6><br \/><strong>Les donn\u00e9es collect\u00e9es dans les cookies sont-elles utilis\u00e9es sur d&rsquo;autres sites que CALXIC.CAT ?<\/strong><\/h6><p>Certains de nos cookies sont utilis\u00e9s pour g\u00e9n\u00e9rer de la publicit\u00e9 sur des r\u00e9seaux tiers ou pour effectuer des analyses pour lesquelles nous utilisons des outils externes \u00e0 CALXIC.CAT. Les cookies utilis\u00e9s sont \u00e0 l&rsquo;usage exclusif de la banque et de son groupe de soci\u00e9t\u00e9s, qui ne commercent en aucun cas avec eux.<\/p><p>Chez CALXIC.CAT, nous travaillons avec des fournisseurs fiables qui nous aident \u00e0 g\u00e9rer et \u00e0 personnaliser nos pages Web.<\/p><p>\u00a0<\/p><h6><strong>Alors, que signifient les informations ci-dessus\u00a0?<\/strong><\/h6><p>Si vous acceptez nos cookies, vous nous autorisez \u00e0 am\u00e9liorer les Sites CALXIC.CAT pour vous offrir un acc\u00e8s optimal et vous apporter un service plus efficace et personnalis\u00e9.<\/p><p>De plus, vous pouvez param\u00e9trer votre navigateur pour que seuls les sites ou pages de confiance que vous parcourez actuellement puissent g\u00e9rer les cookies, ce qui vous permet de s\u00e9lectionner vos pr\u00e9f\u00e9rences.<\/p><p>En fournissant cette politique, CALXIC.CAT d\u00e9montre son engagement envers la l\u00e9gislation en vigueur sur l&rsquo;utilisation des cookies, en fournissant des informations afin que vous puissiez comprendre quel type de cookies nous utilisons et pourquoi nous le faisons. Nous visons ainsi \u00e0 assurer la transparence des donn\u00e9es trait\u00e9es sur la navigation effectu\u00e9e depuis votre ordinateur sur notre site.<\/p><p>Cette politique est r\u00e9vis\u00e9e p\u00e9riodiquement pour s&rsquo;assurer de sa validit\u00e9, elle peut donc \u00eatre modifi\u00e9e. Nous vous recommandons de visiter r\u00e9guli\u00e8rement la page o\u00f9 nous vous informerons de toute mise \u00e0 jour \u00e0 cet \u00e9gard.<\/p><h6><strong>O\u00f9 puis-je obtenir plus d&rsquo;informations ?<\/strong><\/h6><p>Si vous souhaitez obtenir plus d&rsquo;informations sur la directive sur les cookies, veuillez consulter le Journal officiel de l&rsquo;\u00c9tat publi\u00e9 le 31 mars 2012 (pour l&rsquo;Espagne) o\u00f9 sont transpos\u00e9es les directives sur les communications \u00e9lectroniques. La directive peut \u00e9galement \u00eatre consult\u00e9e au Bureau du commissaire \u00e0 l&rsquo;information (en anglais).<\/p><p>De plus, vous pouvez acc\u00e9der \u00e0 des vid\u00e9os \u00e9ducatives publi\u00e9es par l&rsquo;Agence espagnole de protection des donn\u00e9es qui expliquent, \u00e9tape par \u00e9tape, comment configurer les options de confidentialit\u00e9 des navigateurs, r\u00e9seaux sociaux et syst\u00e8mes d&rsquo;exploitation mobiles les plus courants, dans les vid\u00e9os AEPD.<\/p><p>\u00a0<\/p>\t\t\t\t\t\t<\/div>\n\t\t\t\t<\/div>\n\t\t\t\t<div class=\"elementor-element elementor-element-58a2c24 elementor-widget elementor-widget-spacer\" data-id=\"58a2c24\" data-element_type=\"widget\" data-widget_type=\"spacer.default\">\n\t\t\t\t<div class=\"elementor-widget-container\">\n\t\t\t\t\t<div class=\"elementor-spacer\">\n\t\t\t<div class=\"elementor-spacer-inner\"><\/div>\n\t\t<\/div>\n\t\t\t\t<\/div>\n\t\t\t\t<\/div>\n\t\t\t\t\t<\/div>\n\t\t<\/div>\n\t\t\t\t\t<\/div>\n\t\t<\/section>\n\t\t\t\t<\/div>\n\t\t","protected":false},"excerpt":{"rendered":"<p>POLITIQUE DE COOKIES Que sont les cookies ? Les cookies sont de petits fichiers de donn\u00e9es qui sont re\u00e7us sur le terminal \u00e0 partir du site Internet visit\u00e9 et servent \u00e0 enregistrer certaines interactions de navigation sur un site Internet &hellip; <a href=\"https:\/\/www.calxic.cat\/fr\/politica-cookies\/\">Read More<\/a><\/p>\n","protected":false},"author":1,"featured_media":0,"parent":0,"menu_order":13,"comment_status":"closed","ping_status":"closed","template":"","meta":{"footnotes":""},"_links":{"self":[{"href":"https:\/\/www.calxic.cat\/fr\/wp-json\/wp\/v2\/pages\/2952"}],"collection":[{"href":"https:\/\/www.calxic.cat\/fr\/wp-json\/wp\/v2\/pages"}],"about":[{"href":"https:\/\/www.calxic.cat\/fr\/wp-json\/wp\/v2\/types\/page"}],"author":[{"embeddable":true,"href":"https:\/\/www.calxic.cat\/fr\/wp-json\/wp\/v2\/users\/1"}],"replies":[{"embeddable":true,"href":"https:\/\/www.calxic.cat\/fr\/wp-json\/wp\/v2\/comments?post=2952"}],"version-history":[{"count":20,"href":"https:\/\/www.calxic.cat\/fr\/wp-json\/wp\/v2\/pages\/2952\/revisions"}],"predecessor-version":[{"id":3026,"href":"https:\/\/www.calxic.cat\/fr\/wp-json\/wp\/v2\/pages\/2952\/revisions\/3026"}],"wp:attachment":[{"href":"https:\/\/www.calxic.cat\/fr\/wp-json\/wp\/v2\/media?parent=2952"}],"curies":[{"name":"wp","href":"https:\/\/api.w.org\/{rel}","templated":true}]}}